{"id":150,"date":"2022-06-12T20:08:45","date_gmt":"2022-06-12T18:08:45","guid":{"rendered":"https:\/\/margheritagabbiani.com\/?page_id=150"},"modified":"2022-06-17T09:29:56","modified_gmt":"2022-06-17T07:29:56","slug":"blabla","status":"publish","type":"page","link":"https:\/\/margheritagabbiani.com\/index.php\/blabla\/","title":{"rendered":""},"content":{"rendered":"\n<h1 class=\"wp-block-heading\">Le coin blabla, o\u00f9 on papote<\/h1>\n\n\n\n<p>Enfin, surtout moi. Mais rien ne vous emp\u00eache de me laisser un petit commentaire pour r\u00e9agir \u00e0 un de mes articles, me donner votre ressenti ou juste me passer le bonjour !<\/p>\n\n\n\n<div class=\"wp-block-query is-layout-flow wp-block-query-is-layout-flow\"><ul class=\"wp-block-post-template is-layout-flow wp-block-post-template-is-layout-flow\"><li class=\"wp-block-post post-259 post type-post status-publish format-standard hentry category-non-classe latest_post\">\n<h2 class=\"wp-block-post-title\"><a href=\"https:\/\/margheritagabbiani.com\/index.php\/2022\/11\/11\/pourquoi-continuer-a-croire-en-ses-reves-denfant\/\" target=\"_self\" >Pourquoi continuer \u00e0 croire en ses r\u00eaves d&rsquo;enfant\u00a0?<\/a><\/h2>\n\n\n\n<div class=\"wp-block-post-excerpt\"><p class=\"wp-block-post-excerpt__excerpt\">Tu sais, quand j&rsquo;\u00e9tais petite, j&rsquo;ai voulu \u00eatre v\u00e9t\u00e9rinaire. Puis styliste. Puis \u00e9crivain. Pendant tr\u00e8s tr\u00e8s longtemps, je voulais vraiment \u00eatre \u00e9crivain. Je gribouillais des &hellip; <\/p><\/div>\n\n\n<hr class=\"wp-block-separator has-css-opacity\"\/>\n\n\n<div class=\"wp-block-post-date\"><time datetime=\"2022-11-11T11:49:05+01:00\">11 novembre 2022<\/time><\/div>\n<\/li><li class=\"wp-block-post post-202 post type-post status-publish format-standard hentry category-non-classe latest_post\">\n<h2 class=\"wp-block-post-title\"><a href=\"https:\/\/margheritagabbiani.com\/index.php\/2022\/06\/17\/ecriture-pseudonyme\/\" target=\"_self\" >Pourquoi j&rsquo;\u00e9cris sous pseudonyme ?<\/a><\/h2>\n\n\n\n<div class=\"wp-block-post-excerpt\"><p class=\"wp-block-post-excerpt__excerpt\">Tu le sais peut-\u00eatre d\u00e9j\u00e0, mais Margherita Gabbiani, ce n&rsquo;est pas mon vrai nom. Enfin, Margherita est mon vrai pr\u00e9nom, mais Gabbiani est un pseudonyme &hellip; <\/p><\/div>\n\n\n<hr class=\"wp-block-separator has-css-opacity\"\/>\n\n\n<div class=\"wp-block-post-date\"><time datetime=\"2022-06-17T14:53:49+02:00\">17 juin 2022<\/time><\/div>\n<\/li><li class=\"wp-block-post post-1 post type-post status-publish format-standard hentry category-actualite latest_post\">\n<h2 class=\"wp-block-post-title\"><a href=\"https:\/\/margheritagabbiani.com\/index.php\/2022\/05\/16\/salons-dedicaces\/\" target=\"_self\" >Dates des d\u00e9dicaces et salons<\/a><\/h2>\n\n\n\n<div class=\"wp-block-post-excerpt\"><p class=\"wp-block-post-excerpt__excerpt\">Hello ! Sous cet article permanent, je vais consigner les dates des \u00e9v\u00e8nements auxquels je vais participer dans les mois \u00e0 venir. N&rsquo;h\u00e9sitez pas \u00e0 &hellip; <\/p><\/div>\n\n\n<hr class=\"wp-block-separator has-css-opacity\"\/>\n\n\n<div class=\"wp-block-post-date\"><time datetime=\"2022-05-16T17:14:39+02:00\">16 mai 2022<\/time><\/div>\n<\/li><\/ul><\/div>\n","protected":false},"excerpt":{"rendered":"<p>Le coin blabla, o\u00f9 on papote Enfin, surtout moi. Mais rien ne vous emp\u00eache de me laisser un petit commentaire pour r\u00e9agir \u00e0 un de &hellip; <\/p>\n","protected":false},"author":1,"featured_media":0,"parent":0,"menu_order":0,"comment_status":"closed","ping_status":"closed","template":"","meta":{"footnotes":""},"class_list":["post-150","page","type-page","status-publish","hentry","latest_post"],"yoast_head":"<!-- This site is optimized with the Yoast SEO plugin v27.3 - https:\/\/yoast.com\/product\/yoast-seo-wordpress\/ -->\n<title>Le coin blabla - Margherita Gabbiani, auteure de romance<\/title>\n<meta name=\"description\" content=\"Le coin blabla, c&#039;est l&#039;endroit o\u00f9 on papote, o\u00f9 je vous partage quelques articles. au gr\u00e9 de mes envies. Laissez-moi un commentaire !\" \/>\n<meta name=\"robots\" content=\"index, follow, max-snippet:-1, max-image-preview:large, max-video-preview:-1\" \/>\n<link rel=\"canonical\" href=\"https:\/\/margheritagabbiani.com\/index.php\/blabla\/\" \/>\n<meta property=\"og:locale\" content=\"fr_FR\" \/>\n<meta property=\"og:type\" content=\"article\" \/>\n<meta property=\"og:title\" content=\"Le coin blabla - Margherita Gabbiani, auteure de romance\" \/>\n<meta property=\"og:description\" content=\"Le coin blabla, c&#039;est l&#039;endroit o\u00f9 on papote, o\u00f9 je vous partage quelques articles. au gr\u00e9 de mes envies. Laissez-moi un commentaire !\" \/>\n<meta property=\"og:url\" content=\"https:\/\/margheritagabbiani.com\/index.php\/blabla\/\" \/>\n<meta property=\"og:site_name\" content=\"Margherita Gabbiani\" \/>\n<meta property=\"article:modified_time\" content=\"2022-06-17T07:29:56+00:00\" \/>\n<meta name=\"twitter:card\" content=\"summary_large_image\" \/>\n<meta name=\"twitter:label1\" content=\"Dur\u00e9e de lecture estim\u00e9e\" \/>\n\t<meta name=\"twitter:data1\" content=\"1 minute\" \/>\n<script type=\"application\/ld+json\" class=\"yoast-schema-graph\">{\"@context\":\"https:\\\/\\\/schema.org\",\"@graph\":[{\"@type\":\"WebPage\",\"@id\":\"https:\\\/\\\/margheritagabbiani.com\\\/index.php\\\/blabla\\\/\",\"url\":\"https:\\\/\\\/margheritagabbiani.com\\\/index.php\\\/blabla\\\/\",\"name\":\"Le coin blabla - Margherita Gabbiani, auteure de romance\",\"isPartOf\":{\"@id\":\"https:\\\/\\\/margheritagabbiani.com\\\/#website\"},\"datePublished\":\"2022-06-12T18:08:45+00:00\",\"dateModified\":\"2022-06-17T07:29:56+00:00\",\"description\":\"Le coin blabla, c'est l'endroit o\u00f9 on papote, o\u00f9 je vous partage quelques articles. au gr\u00e9 de mes envies. Laissez-moi un commentaire !\",\"inLanguage\":\"fr-FR\",\"potentialAction\":[{\"@type\":\"ReadAction\",\"target\":[\"https:\\\/\\\/margheritagabbiani.com\\\/index.php\\\/blabla\\\/\"]}]},{\"@type\":\"WebSite\",\"@id\":\"https:\\\/\\\/margheritagabbiani.com\\\/#website\",\"url\":\"https:\\\/\\\/margheritagabbiani.com\\\/\",\"name\":\"Margherita Gabbiani\",\"description\":\"Auteure de romance contemporaine\",\"publisher\":{\"@id\":\"https:\\\/\\\/margheritagabbiani.com\\\/#\\\/schema\\\/person\\\/b1408d77fac0a037cfd72afa44789b02\"},\"potentialAction\":[{\"@type\":\"SearchAction\",\"target\":{\"@type\":\"EntryPoint\",\"urlTemplate\":\"https:\\\/\\\/margheritagabbiani.com\\\/?s={search_term_string}\"},\"query-input\":{\"@type\":\"PropertyValueSpecification\",\"valueRequired\":true,\"valueName\":\"search_term_string\"}}],\"inLanguage\":\"fr-FR\"},{\"@type\":[\"Person\",\"Organization\"],\"@id\":\"https:\\\/\\\/margheritagabbiani.com\\\/#\\\/schema\\\/person\\\/b1408d77fac0a037cfd72afa44789b02\",\"name\":\"Margherita Gabbiani\",\"image\":{\"@type\":\"ImageObject\",\"inLanguage\":\"fr-FR\",\"@id\":\"https:\\\/\\\/i0.wp.com\\\/margheritagabbiani.com\\\/wp-content\\\/uploads\\\/2022\\\/05\\\/Margherita-Gabbiani-auteur-HD-1-scaled.jpg?fit=2482%2C2560\",\"url\":\"https:\\\/\\\/i0.wp.com\\\/margheritagabbiani.com\\\/wp-content\\\/uploads\\\/2022\\\/05\\\/Margherita-Gabbiani-auteur-HD-1-scaled.jpg?fit=2482%2C2560\",\"contentUrl\":\"https:\\\/\\\/i0.wp.com\\\/margheritagabbiani.com\\\/wp-content\\\/uploads\\\/2022\\\/05\\\/Margherita-Gabbiani-auteur-HD-1-scaled.jpg?fit=2482%2C2560\",\"width\":2482,\"height\":2560,\"caption\":\"Margherita Gabbiani\"},\"logo\":{\"@id\":\"https:\\\/\\\/i0.wp.com\\\/margheritagabbiani.com\\\/wp-content\\\/uploads\\\/2022\\\/05\\\/Margherita-Gabbiani-auteur-HD-1-scaled.jpg?fit=2482%2C2560\"},\"sameAs\":[\"http:\\\/\\\/margheritagabbiani.com\",\"https:\\\/\\\/www.instagram.com\\\/margherita.gabbiani\\\/\"]}]}<\/script>\n<!-- \/ Yoast SEO plugin. -->","yoast_head_json":{"title":"Le coin blabla - Margherita Gabbiani, auteure de romance","description":"Le coin blabla, c'est l'endroit o\u00f9 on papote, o\u00f9 je vous partage quelques articles. au gr\u00e9 de mes envies. Laissez-moi un commentaire !","robots":{"index":"index","follow":"follow","max-snippet":"max-snippet:-1","max-image-preview":"max-image-preview:large","max-video-preview":"max-video-preview:-1"},"canonical":"https:\/\/margheritagabbiani.com\/index.php\/blabla\/","og_locale":"fr_FR","og_type":"article","og_title":"Le coin blabla - Margherita Gabbiani, auteure de romance","og_description":"Le coin blabla, c'est l'endroit o\u00f9 on papote, o\u00f9 je vous partage quelques articles. au gr\u00e9 de mes envies. Laissez-moi un commentaire !","og_url":"https:\/\/margheritagabbiani.com\/index.php\/blabla\/","og_site_name":"Margherita Gabbiani","article_modified_time":"2022-06-17T07:29:56+00:00","twitter_card":"summary_large_image","twitter_misc":{"Dur\u00e9e de lecture estim\u00e9e":"1 minute"},"schema":{"@context":"https:\/\/schema.org","@graph":[{"@type":"WebPage","@id":"https:\/\/margheritagabbiani.com\/index.php\/blabla\/","url":"https:\/\/margheritagabbiani.com\/index.php\/blabla\/","name":"Le coin blabla - Margherita Gabbiani, auteure de romance","isPartOf":{"@id":"https:\/\/margheritagabbiani.com\/#website"},"datePublished":"2022-06-12T18:08:45+00:00","dateModified":"2022-06-17T07:29:56+00:00","description":"Le coin blabla, c'est l'endroit o\u00f9 on papote, o\u00f9 je vous partage quelques articles. au gr\u00e9 de mes envies. Laissez-moi un commentaire !","inLanguage":"fr-FR","potentialAction":[{"@type":"ReadAction","target":["https:\/\/margheritagabbiani.com\/index.php\/blabla\/"]}]},{"@type":"WebSite","@id":"https:\/\/margheritagabbiani.com\/#website","url":"https:\/\/margheritagabbiani.com\/","name":"Margherita Gabbiani","description":"Auteure de romance contemporaine","publisher":{"@id":"https:\/\/margheritagabbiani.com\/#\/schema\/person\/b1408d77fac0a037cfd72afa44789b02"},"potentialAction":[{"@type":"SearchAction","target":{"@type":"EntryPoint","urlTemplate":"https:\/\/margheritagabbiani.com\/?s={search_term_string}"},"query-input":{"@type":"PropertyValueSpecification","valueRequired":true,"valueName":"search_term_string"}}],"inLanguage":"fr-FR"},{"@type":["Person","Organization"],"@id":"https:\/\/margheritagabbiani.com\/#\/schema\/person\/b1408d77fac0a037cfd72afa44789b02","name":"Margherita Gabbiani","image":{"@type":"ImageObject","inLanguage":"fr-FR","@id":"https:\/\/i0.wp.com\/margheritagabbiani.com\/wp-content\/uploads\/2022\/05\/Margherita-Gabbiani-auteur-HD-1-scaled.jpg?fit=2482%2C2560","url":"https:\/\/i0.wp.com\/margheritagabbiani.com\/wp-content\/uploads\/2022\/05\/Margherita-Gabbiani-auteur-HD-1-scaled.jpg?fit=2482%2C2560","contentUrl":"https:\/\/i0.wp.com\/margheritagabbiani.com\/wp-content\/uploads\/2022\/05\/Margherita-Gabbiani-auteur-HD-1-scaled.jpg?fit=2482%2C2560","width":2482,"height":2560,"caption":"Margherita Gabbiani"},"logo":{"@id":"https:\/\/i0.wp.com\/margheritagabbiani.com\/wp-content\/uploads\/2022\/05\/Margherita-Gabbiani-auteur-HD-1-scaled.jpg?fit=2482%2C2560"},"sameAs":["http:\/\/margheritagabbiani.com","https:\/\/www.instagram.com\/margherita.gabbiani\/"]}]}},"jetpack_sharing_enabled":true,"_links":{"self":[{"href":"https:\/\/margheritagabbiani.com\/index.php\/wp-json\/wp\/v2\/pages\/150","targetHints":{"allow":["GET"]}}],"collection":[{"href":"https:\/\/margheritagabbiani.com\/index.php\/wp-json\/wp\/v2\/pages"}],"about":[{"href":"https:\/\/margheritagabbiani.com\/index.php\/wp-json\/wp\/v2\/types\/page"}],"author":[{"embeddable":true,"href":"https:\/\/margheritagabbiani.com\/index.php\/wp-json\/wp\/v2\/users\/1"}],"replies":[{"embeddable":true,"href":"https:\/\/margheritagabbiani.com\/index.php\/wp-json\/wp\/v2\/comments?post=150"}],"version-history":[{"count":9,"href":"https:\/\/margheritagabbiani.com\/index.php\/wp-json\/wp\/v2\/pages\/150\/revisions"}],"predecessor-version":[{"id":188,"href":"https:\/\/margheritagabbiani.com\/index.php\/wp-json\/wp\/v2\/pages\/150\/revisions\/188"}],"wp:attachment":[{"href":"https:\/\/margheritagabbiani.com\/index.php\/wp-json\/wp\/v2\/media?parent=150"}],"curies":[{"name":"wp","href":"https:\/\/api.w.org\/{rel}","templated":true}]}}