{"id":2217,"date":"2024-09-15T16:45:51","date_gmt":"2024-09-15T14:45:51","guid":{"rendered":"https:\/\/margheritagabbiani.com\/?post_type=product&#038;p=2217"},"modified":"2026-04-14T17:25:43","modified_gmt":"2026-04-14T15:25:43","slug":"un-coloc-pas-si-charmant","status":"publish","type":"product","link":"https:\/\/margheritagabbiani.com\/index.php\/produit\/un-coloc-pas-si-charmant\/","title":{"rendered":"Un Coloc pas si charmant &#8211; format Broch\u00e9 d\u00e9dicac\u00e9"},"content":{"rendered":"<p><strong>Emm\u00e9nager avec l\u2019ex de ma s\u0153ur ?<br \/>\nTr\u00e8s mauvaise id\u00e9e !<\/strong><\/p>\n<p>De retour \u00e0 Paris apr\u00e8s mon ann\u00e9e sabbatique en Australie, je m\u2019attendais \u00e0 tout sauf \u00e0 ce message de ma s\u0153ur qui m\u2019annonce que son fianc\u00e9 et elle ont rompu. M\u00eame si une cohabitation forc\u00e9e avec son ex ne m\u2019enchante pas, je n\u2019ai pas d\u2019autre choix que de d\u00e9poser mes valises dans la chambre d\u2019amis.<\/p>\n<p>Le probl\u00e8me ? Logan Charmand n\u2019a de charmant que son nom. Lui et moi, on se d\u00e9teste. Il est hautain, arrogant, ennuyeux \u00e0 mourir et surtout, il me juge depuis notre premi\u00e8re rencontre. Et \u00e7a, je ne lui pardonne pas.<\/p>\n<p>Je ne suis plus la f\u00eatarde inv\u00e9t\u00e9r\u00e9e que j\u2019\u00e9tais quand je suis partie. \u00c0 pr\u00e9sent, j\u2019ai un objectif et je mettrai tout en oeuvre l\u2019atteindre\u2026 M\u00eame si pour cela, je dois demander \u00e0 Logan d\u2019\u00eatre mon professeur particulier.<\/p>\n<p>\u00c7a me co\u00fbte de l\u2019admettre, mais j\u2019ai vraiment besoin de son aide et de son c\u00f4t\u00e9, il y a quelques-uns de mes talents qui peuvent l\u2019int\u00e9resser. Pourquoi ne pas passer un accord ? En travaillant ensemble, nous avons tous les deux \u00e0 y gagner.<\/p>\n<p>L\u2019essentiel, c\u2019est de ne surtout pas oublier qu\u2019aussi s\u00e9duisant soit Logan, coucher avec l\u2019ex de ma s\u0153ur, c\u2019est I.N.T.E.R.D.IT\u2026<\/p>\n<p>&#8212;<\/p>\n<p>\u00ab\u00a0Un Coloc pas si charmant\u00a0\u00bb paru en septembre 2024 chez Kindle Publishing.<br \/>\n\u00c9dition broch\u00e9e, 429 pages.<\/p>\n<p>Vous pr\u00e9f\u00e9rez la version num\u00e9rique ?<br \/>\n<a href=\"https:\/\/www.amazon.fr\/Coloc-pas-charmant-romance-colocation-ebook\/dp\/B0DFZMV6SB\/ref=tmm_kin_swatch_0?\" rel=\"noopener\" target=\"_blank\">> Commander l&rsquo;ebook <<\/a><\/p>\n<p><strong>Si vous souhaitez une d\u00e9dicace, merci de pr\u00e9ciser votre pr\u00e9nom dans la case \u00ab\u00a0Commentaires\u00a0\u00bb lors de votre commande \ud83d\ude42<\/strong><\/p>\n","protected":false},"excerpt":{"rendered":"<p>Romance de campus avec trope \u00ab\u00a0ex de la soeur\u00a0\u00bb, prof particulier \/ \u00e9l\u00e8ve, musique et (petit) age gap. Opposites attract, paru chez Kindle Publishing en septembre 2024.<\/p>\n<p><strong>Si vous souhaitez une d\u00e9dicace, merci de pr\u00e9ciser votre pr\u00e9nom dans la case \u00ab\u00a0Commentaires\u00a0\u00bb lors de votre commande \ud83d\ude42<\/strong><\/p>\n","protected":false},"featured_media":5837,"comment_status":"open","ping_status":"closed","template":"","meta":[],"product_brand":[],"product_cat":[22],"product_tag":[55,57,56,51,54,53,19],"class_list":{"0":"post-2217","1":"product","2":"type-product","3":"status-publish","4":"has-post-thumbnail","6":"product_cat-romance-contemporaine","7":"product_tag-age-gap","8":"product_tag-ex-de-la-soeur","9":"product_tag-musique","10":"product_tag-new-adult","11":"product_tag-prof-eleve","12":"product_tag-romance-campus","13":"product_tag-romance-contemporaine","14":"latest_post","16":"first","17":"instock","18":"taxable","19":"shipping-taxable","20":"purchasable","21":"product-type-simple"},"yoast_head":"<!-- This site is optimized with the Yoast SEO plugin v27.3 - https:\/\/yoast.com\/product\/yoast-seo-wordpress\/ -->\n<title>Un Coloc pas si charmant - Margherita Gabbiani<\/title>\n<meta name=\"description\" content=\"Une romance de campus interdite &quot;ex de ma soeur&quot;, avec colocation et proximit\u00e9 forc\u00e9e, relation prof particulier \/ \u00e9l\u00e8ve et musique !\" \/>\n<meta name=\"robots\" content=\"index, follow, max-snippet:-1, max-image-preview:large, max-video-preview:-1\" \/>\n<link rel=\"canonical\" href=\"https:\/\/margheritagabbiani.com\/index.php\/produit\/un-coloc-pas-si-charmant\/\" \/>\n<meta property=\"og:locale\" content=\"fr_FR\" \/>\n<meta property=\"og:type\" content=\"article\" \/>\n<meta property=\"og:title\" content=\"Un Coloc pas si charmant - Margherita Gabbiani\" \/>\n<meta property=\"og:description\" content=\"Une romance de campus interdite &quot;ex de ma soeur&quot;, avec colocation et proximit\u00e9 forc\u00e9e, relation prof particulier \/ \u00e9l\u00e8ve et musique !\" \/>\n<meta property=\"og:url\" content=\"https:\/\/margheritagabbiani.com\/index.php\/produit\/un-coloc-pas-si-charmant\/\" \/>\n<meta property=\"og:site_name\" content=\"Margherita Gabbiani\" \/>\n<meta property=\"article:modified_time\" content=\"2026-04-14T15:25:43+00:00\" \/>\n<meta property=\"og:image\" content=\"https:\/\/margheritagabbiani.com\/wp-content\/uploads\/2024\/09\/Coloc-broche.png\" \/>\n\t<meta property=\"og:image:width\" content=\"784\" \/>\n\t<meta property=\"og:image:height\" content=\"778\" \/>\n\t<meta property=\"og:image:type\" content=\"image\/png\" \/>\n<meta name=\"twitter:card\" content=\"summary_large_image\" \/>\n<meta name=\"twitter:label1\" content=\"Dur\u00e9e de lecture estim\u00e9e\" \/>\n\t<meta name=\"twitter:data1\" content=\"2 minutes\" \/>\n<script type=\"application\/ld+json\" class=\"yoast-schema-graph\">{\"@context\":\"https:\\\/\\\/schema.org\",\"@graph\":[{\"@type\":\"WebPage\",\"@id\":\"https:\\\/\\\/margheritagabbiani.com\\\/index.php\\\/produit\\\/un-coloc-pas-si-charmant\\\/\",\"url\":\"https:\\\/\\\/margheritagabbiani.com\\\/index.php\\\/produit\\\/un-coloc-pas-si-charmant\\\/\",\"name\":\"Un Coloc pas si charmant - Margherita Gabbiani\",\"isPartOf\":{\"@id\":\"https:\\\/\\\/margheritagabbiani.com\\\/#website\"},\"primaryImageOfPage\":{\"@id\":\"https:\\\/\\\/margheritagabbiani.com\\\/index.php\\\/produit\\\/un-coloc-pas-si-charmant\\\/#primaryimage\"},\"image\":{\"@id\":\"https:\\\/\\\/margheritagabbiani.com\\\/index.php\\\/produit\\\/un-coloc-pas-si-charmant\\\/#primaryimage\"},\"thumbnailUrl\":\"https:\\\/\\\/i0.wp.com\\\/margheritagabbiani.com\\\/wp-content\\\/uploads\\\/2024\\\/09\\\/Coloc-broche.png?fit=784%2C778&ssl=1\",\"datePublished\":\"2024-09-15T14:45:51+00:00\",\"dateModified\":\"2026-04-14T15:25:43+00:00\",\"description\":\"Une romance de campus interdite \\\"ex de ma soeur\\\", avec colocation et proximit\u00e9 forc\u00e9e, relation prof particulier \\\/ \u00e9l\u00e8ve et musique !\",\"breadcrumb\":{\"@id\":\"https:\\\/\\\/margheritagabbiani.com\\\/index.php\\\/produit\\\/un-coloc-pas-si-charmant\\\/#breadcrumb\"},\"inLanguage\":\"fr-FR\",\"potentialAction\":[{\"@type\":\"ReadAction\",\"target\":[\"https:\\\/\\\/margheritagabbiani.com\\\/index.php\\\/produit\\\/un-coloc-pas-si-charmant\\\/\"]}]},{\"@type\":\"ImageObject\",\"inLanguage\":\"fr-FR\",\"@id\":\"https:\\\/\\\/margheritagabbiani.com\\\/index.php\\\/produit\\\/un-coloc-pas-si-charmant\\\/#primaryimage\",\"url\":\"https:\\\/\\\/i0.wp.com\\\/margheritagabbiani.com\\\/wp-content\\\/uploads\\\/2024\\\/09\\\/Coloc-broche.png?fit=784%2C778&ssl=1\",\"contentUrl\":\"https:\\\/\\\/i0.wp.com\\\/margheritagabbiani.com\\\/wp-content\\\/uploads\\\/2024\\\/09\\\/Coloc-broche.png?fit=784%2C778&ssl=1\",\"width\":784,\"height\":778},{\"@type\":\"BreadcrumbList\",\"@id\":\"https:\\\/\\\/margheritagabbiani.com\\\/index.php\\\/produit\\\/un-coloc-pas-si-charmant\\\/#breadcrumb\",\"itemListElement\":[{\"@type\":\"ListItem\",\"position\":1,\"name\":\"Accueil\",\"item\":\"https:\\\/\\\/margheritagabbiani.com\\\/\"},{\"@type\":\"ListItem\",\"position\":2,\"name\":\"Boutique\",\"item\":\"https:\\\/\\\/margheritagabbiani.com\\\/index.php\\\/boutique\\\/\"},{\"@type\":\"ListItem\",\"position\":3,\"name\":\"Un Coloc pas si charmant &#8211; format Broch\u00e9 d\u00e9dicac\u00e9\"}]},{\"@type\":\"WebSite\",\"@id\":\"https:\\\/\\\/margheritagabbiani.com\\\/#website\",\"url\":\"https:\\\/\\\/margheritagabbiani.com\\\/\",\"name\":\"Margherita Gabbiani\",\"description\":\"Auteure de romance contemporaine\",\"publisher\":{\"@id\":\"https:\\\/\\\/margheritagabbiani.com\\\/#\\\/schema\\\/person\\\/b1408d77fac0a037cfd72afa44789b02\"},\"potentialAction\":[{\"@type\":\"SearchAction\",\"target\":{\"@type\":\"EntryPoint\",\"urlTemplate\":\"https:\\\/\\\/margheritagabbiani.com\\\/?s={search_term_string}\"},\"query-input\":{\"@type\":\"PropertyValueSpecification\",\"valueRequired\":true,\"valueName\":\"search_term_string\"}}],\"inLanguage\":\"fr-FR\"},{\"@type\":[\"Person\",\"Organization\"],\"@id\":\"https:\\\/\\\/margheritagabbiani.com\\\/#\\\/schema\\\/person\\\/b1408d77fac0a037cfd72afa44789b02\",\"name\":\"Margherita Gabbiani\",\"image\":{\"@type\":\"ImageObject\",\"inLanguage\":\"fr-FR\",\"@id\":\"https:\\\/\\\/i0.wp.com\\\/margheritagabbiani.com\\\/wp-content\\\/uploads\\\/2022\\\/05\\\/Margherita-Gabbiani-auteur-HD-1-scaled.jpg?fit=2482%2C2560\",\"url\":\"https:\\\/\\\/i0.wp.com\\\/margheritagabbiani.com\\\/wp-content\\\/uploads\\\/2022\\\/05\\\/Margherita-Gabbiani-auteur-HD-1-scaled.jpg?fit=2482%2C2560\",\"contentUrl\":\"https:\\\/\\\/i0.wp.com\\\/margheritagabbiani.com\\\/wp-content\\\/uploads\\\/2022\\\/05\\\/Margherita-Gabbiani-auteur-HD-1-scaled.jpg?fit=2482%2C2560\",\"width\":2482,\"height\":2560,\"caption\":\"Margherita Gabbiani\"},\"logo\":{\"@id\":\"https:\\\/\\\/i0.wp.com\\\/margheritagabbiani.com\\\/wp-content\\\/uploads\\\/2022\\\/05\\\/Margherita-Gabbiani-auteur-HD-1-scaled.jpg?fit=2482%2C2560\"},\"sameAs\":[\"http:\\\/\\\/margheritagabbiani.com\",\"https:\\\/\\\/www.instagram.com\\\/margherita.gabbiani\\\/\"]}]}<\/script>\n<!-- \/ Yoast SEO plugin. -->","yoast_head_json":{"title":"Un Coloc pas si charmant - Margherita Gabbiani","description":"Une romance de campus interdite \"ex de ma soeur\", avec colocation et proximit\u00e9 forc\u00e9e, relation prof particulier \/ \u00e9l\u00e8ve et musique !","robots":{"index":"index","follow":"follow","max-snippet":"max-snippet:-1","max-image-preview":"max-image-preview:large","max-video-preview":"max-video-preview:-1"},"canonical":"https:\/\/margheritagabbiani.com\/index.php\/produit\/un-coloc-pas-si-charmant\/","og_locale":"fr_FR","og_type":"article","og_title":"Un Coloc pas si charmant - Margherita Gabbiani","og_description":"Une romance de campus interdite \"ex de ma soeur\", avec colocation et proximit\u00e9 forc\u00e9e, relation prof particulier \/ \u00e9l\u00e8ve et musique !","og_url":"https:\/\/margheritagabbiani.com\/index.php\/produit\/un-coloc-pas-si-charmant\/","og_site_name":"Margherita Gabbiani","article_modified_time":"2026-04-14T15:25:43+00:00","og_image":[{"width":784,"height":778,"url":"https:\/\/margheritagabbiani.com\/wp-content\/uploads\/2024\/09\/Coloc-broche.png","type":"image\/png"}],"twitter_card":"summary_large_image","twitter_misc":{"Dur\u00e9e de lecture estim\u00e9e":"2 minutes"},"schema":{"@context":"https:\/\/schema.org","@graph":[{"@type":"WebPage","@id":"https:\/\/margheritagabbiani.com\/index.php\/produit\/un-coloc-pas-si-charmant\/","url":"https:\/\/margheritagabbiani.com\/index.php\/produit\/un-coloc-pas-si-charmant\/","name":"Un Coloc pas si charmant - Margherita Gabbiani","isPartOf":{"@id":"https:\/\/margheritagabbiani.com\/#website"},"primaryImageOfPage":{"@id":"https:\/\/margheritagabbiani.com\/index.php\/produit\/un-coloc-pas-si-charmant\/#primaryimage"},"image":{"@id":"https:\/\/margheritagabbiani.com\/index.php\/produit\/un-coloc-pas-si-charmant\/#primaryimage"},"thumbnailUrl":"https:\/\/i0.wp.com\/margheritagabbiani.com\/wp-content\/uploads\/2024\/09\/Coloc-broche.png?fit=784%2C778&ssl=1","datePublished":"2024-09-15T14:45:51+00:00","dateModified":"2026-04-14T15:25:43+00:00","description":"Une romance de campus interdite \"ex de ma soeur\", avec colocation et proximit\u00e9 forc\u00e9e, relation prof particulier \/ \u00e9l\u00e8ve et musique !","breadcrumb":{"@id":"https:\/\/margheritagabbiani.com\/index.php\/produit\/un-coloc-pas-si-charmant\/#breadcrumb"},"inLanguage":"fr-FR","potentialAction":[{"@type":"ReadAction","target":["https:\/\/margheritagabbiani.com\/index.php\/produit\/un-coloc-pas-si-charmant\/"]}]},{"@type":"ImageObject","inLanguage":"fr-FR","@id":"https:\/\/margheritagabbiani.com\/index.php\/produit\/un-coloc-pas-si-charmant\/#primaryimage","url":"https:\/\/i0.wp.com\/margheritagabbiani.com\/wp-content\/uploads\/2024\/09\/Coloc-broche.png?fit=784%2C778&ssl=1","contentUrl":"https:\/\/i0.wp.com\/margheritagabbiani.com\/wp-content\/uploads\/2024\/09\/Coloc-broche.png?fit=784%2C778&ssl=1","width":784,"height":778},{"@type":"BreadcrumbList","@id":"https:\/\/margheritagabbiani.com\/index.php\/produit\/un-coloc-pas-si-charmant\/#breadcrumb","itemListElement":[{"@type":"ListItem","position":1,"name":"Accueil","item":"https:\/\/margheritagabbiani.com\/"},{"@type":"ListItem","position":2,"name":"Boutique","item":"https:\/\/margheritagabbiani.com\/index.php\/boutique\/"},{"@type":"ListItem","position":3,"name":"Un Coloc pas si charmant &#8211; format Broch\u00e9 d\u00e9dicac\u00e9"}]},{"@type":"WebSite","@id":"https:\/\/margheritagabbiani.com\/#website","url":"https:\/\/margheritagabbiani.com\/","name":"Margherita Gabbiani","description":"Auteure de romance contemporaine","publisher":{"@id":"https:\/\/margheritagabbiani.com\/#\/schema\/person\/b1408d77fac0a037cfd72afa44789b02"},"potentialAction":[{"@type":"SearchAction","target":{"@type":"EntryPoint","urlTemplate":"https:\/\/margheritagabbiani.com\/?s={search_term_string}"},"query-input":{"@type":"PropertyValueSpecification","valueRequired":true,"valueName":"search_term_string"}}],"inLanguage":"fr-FR"},{"@type":["Person","Organization"],"@id":"https:\/\/margheritagabbiani.com\/#\/schema\/person\/b1408d77fac0a037cfd72afa44789b02","name":"Margherita Gabbiani","image":{"@type":"ImageObject","inLanguage":"fr-FR","@id":"https:\/\/i0.wp.com\/margheritagabbiani.com\/wp-content\/uploads\/2022\/05\/Margherita-Gabbiani-auteur-HD-1-scaled.jpg?fit=2482%2C2560","url":"https:\/\/i0.wp.com\/margheritagabbiani.com\/wp-content\/uploads\/2022\/05\/Margherita-Gabbiani-auteur-HD-1-scaled.jpg?fit=2482%2C2560","contentUrl":"https:\/\/i0.wp.com\/margheritagabbiani.com\/wp-content\/uploads\/2022\/05\/Margherita-Gabbiani-auteur-HD-1-scaled.jpg?fit=2482%2C2560","width":2482,"height":2560,"caption":"Margherita Gabbiani"},"logo":{"@id":"https:\/\/i0.wp.com\/margheritagabbiani.com\/wp-content\/uploads\/2022\/05\/Margherita-Gabbiani-auteur-HD-1-scaled.jpg?fit=2482%2C2560"},"sameAs":["http:\/\/margheritagabbiani.com","https:\/\/www.instagram.com\/margherita.gabbiani\/"]}]}},"jetpack_sharing_enabled":true,"_links":{"self":[{"href":"https:\/\/margheritagabbiani.com\/index.php\/wp-json\/wp\/v2\/product\/2217","targetHints":{"allow":["GET"]}}],"collection":[{"href":"https:\/\/margheritagabbiani.com\/index.php\/wp-json\/wp\/v2\/product"}],"about":[{"href":"https:\/\/margheritagabbiani.com\/index.php\/wp-json\/wp\/v2\/types\/product"}],"replies":[{"embeddable":true,"href":"https:\/\/margheritagabbiani.com\/index.php\/wp-json\/wp\/v2\/comments?post=2217"}],"wp:featuredmedia":[{"embeddable":true,"href":"https:\/\/margheritagabbiani.com\/index.php\/wp-json\/wp\/v2\/media\/5837"}],"wp:attachment":[{"href":"https:\/\/margheritagabbiani.com\/index.php\/wp-json\/wp\/v2\/media?parent=2217"}],"wp:term":[{"taxonomy":"product_brand","embeddable":true,"href":"https:\/\/margheritagabbiani.com\/index.php\/wp-json\/wp\/v2\/product_brand?post=2217"},{"taxonomy":"product_cat","embeddable":true,"href":"https:\/\/margheritagabbiani.com\/index.php\/wp-json\/wp\/v2\/product_cat?post=2217"},{"taxonomy":"product_tag","embeddable":true,"href":"https:\/\/margheritagabbiani.com\/index.php\/wp-json\/wp\/v2\/product_tag?post=2217"}],"curies":[{"name":"wp","href":"https:\/\/api.w.org\/{rel}","templated":true}]}}