{"id":3087,"date":"2025-03-18T15:31:31","date_gmt":"2025-03-18T14:31:31","guid":{"rendered":"https:\/\/margheritagabbiani.com\/?post_type=product&#038;p=3087"},"modified":"2026-04-13T14:28:54","modified_gmt":"2026-04-13T12:28:54","slug":"i-want-your-revenge-broche","status":"publish","type":"product","link":"https:\/\/margheritagabbiani.com\/index.php\/produit\/i-want-your-revenge-broche\/","title":{"rendered":"I Want Your Revenge &#8211; format Broch\u00e9 d\u00e9dicac\u00e9"},"content":{"rendered":"<p><strong>La vengeance est un plat qui se savoure mieux \u00e0 deux\u2026<\/strong><\/p>\n<p>Ava-Rose en a marre d\u2019\u00eatre une gentille fille.<\/p>\n<p>Apr\u00e8s le scandale qui a fait de sa premi\u00e8re ann\u00e9e \u00e0 l\u2019INCOS un v\u00e9ritable cauchemar, elle a endur\u00e9 en silence les moqueries et insultes de ses camarades. \u00c0 pr\u00e9sent, elle n\u2019a plus qu\u2019un objectif : se venger de tous ceux qui lui ont fait du mal.<\/p>\n<p>Qui de mieux plac\u00e9 pour comprendre sa col\u00e8re que Vincent, le seul \u00e9tudiant boursier au milieu de cette jeunesse dor\u00e9e ? Malgr\u00e9 son intelligence, il doit encore prouver qu\u2019il m\u00e9rite sa place dans cette \u00e9cole hupp\u00e9e o\u00f9 l\u2019impunit\u00e9 r\u00e8gne.<\/p>\n<p>Vincent propose donc \u00e0 Ava-Rose de l\u2019aider \u00e0 ex\u00e9cuter sa vengeance. En \u00e9change, il compte bien profiter du statut de la fille du doyen pour servir ses propres int\u00e9r\u00eats.<\/p>\n<p>Si Ava-Rose pensait avoir trouv\u00e9 un alli\u00e9, Vincent dissimule lui aussi des secrets qu\u2019il souhaite prot\u00e9ger co\u00fbte que co\u00fbte. N\u00e9anmoins, l\u2019attirance magn\u00e9tique qu\u2019ils ressentent l\u2019un pour l\u2019autre pourrait bien venir rebattre les cartes de leur relation\u2026<\/p>\n<p>Entre manipulations, mensonges et jeux de s\u00e9duction, l\u2019amour a-t-il une chance de triompher ?<\/p>\n<p>&#8212;<\/p>\n<p>\u00ab\u00a0I Want Your Revenge\u00a0\u00bb paru en mars 2025 chez Hugo Romance.<br \/>\n\u00c9dition broch\u00e9e, 480 pages.<\/p>\n<p>Vous pr\u00e9f\u00e9rez la version num\u00e9rique ?<br \/>\n<a href=\"https:\/\/www.amazon.fr\/Want-Your-Revenge-Campus-romance-ebook\/dp\/B0DJQWHXFR\/ref=tmm_kin_swatch_0\" target=\"_blank\" rel=\"noopener\">&gt; Commander l&rsquo;ebook &lt;<\/a><\/p>\n<p><strong>Si vous souhaitez une d\u00e9dicace, merci de pr\u00e9ciser votre pr\u00e9nom dans la case \u00ab\u00a0Commentaires\u00a0\u00bb lors de votre commande \ud83d\ude42<\/strong><\/p>\n","protected":false},"excerpt":{"rendered":"<p>Romance de campus dans un univers d&rsquo;\u00e9lite parisienne. Tropes : vengeance, secrets, diff\u00e9rences sociales, sex friends et personnages \u00ab\u00a0morally grey\u00a0\u00bb. Paru chez Hugo Romance en mars 2025.<\/p>\n<p><strong>Si vous souhaitez une d\u00e9dicace, merci de pr\u00e9ciser votre pr\u00e9nom dans la case \u00ab\u00a0Commentaires\u00a0\u00bb lors de votre commande \ud83d\ude42<\/strong><\/p>\n","protected":false},"featured_media":3088,"comment_status":"open","ping_status":"closed","template":"","meta":[],"product_brand":[],"product_cat":[22,34],"product_tag":[51,53,19,61,60,59],"class_list":{"0":"post-3087","1":"product","2":"type-product","3":"status-publish","4":"has-post-thumbnail","6":"product_cat-romance-contemporaine","7":"product_cat-romantic-suspense","8":"product_tag-new-adult","9":"product_tag-romance-campus","10":"product_tag-romance-contemporaine","11":"product_tag-sex-friends","12":"product_tag-spicy","13":"product_tag-vengeance","14":"latest_post","16":"first","17":"instock","18":"taxable","19":"shipping-taxable","20":"purchasable","21":"product-type-simple"},"yoast_head":"<!-- This site is optimized with the Yoast SEO plugin v27.3 - https:\/\/yoast.com\/product\/yoast-seo-wordpress\/ -->\n<title>I Want Your Revenge - Margherita Gabbiani<\/title>\n<meta name=\"description\" content=\"Immergez-vous au sein d&#039;une haute \u00e9cole de commerce parisienne avec cette romance de campus br\u00fblante sur fond de vengeance !\" \/>\n<meta name=\"robots\" content=\"index, follow, max-snippet:-1, max-image-preview:large, max-video-preview:-1\" \/>\n<link rel=\"canonical\" href=\"https:\/\/margheritagabbiani.com\/index.php\/produit\/i-want-your-revenge-broche\/\" \/>\n<meta property=\"og:locale\" content=\"fr_FR\" \/>\n<meta property=\"og:type\" content=\"article\" \/>\n<meta property=\"og:title\" content=\"I Want Your Revenge - Margherita Gabbiani\" \/>\n<meta property=\"og:description\" content=\"Immergez-vous au sein d&#039;une haute \u00e9cole de commerce parisienne avec cette romance de campus br\u00fblante sur fond de vengeance !\" \/>\n<meta property=\"og:url\" content=\"https:\/\/margheritagabbiani.com\/index.php\/produit\/i-want-your-revenge-broche\/\" \/>\n<meta property=\"og:site_name\" content=\"Margherita Gabbiani\" \/>\n<meta property=\"article:modified_time\" content=\"2026-04-13T12:28:54+00:00\" \/>\n<meta property=\"og:image\" content=\"https:\/\/margheritagabbiani.com\/wp-content\/uploads\/2025\/03\/IWYR-broche.png\" \/>\n\t<meta property=\"og:image:width\" content=\"800\" \/>\n\t<meta property=\"og:image:height\" content=\"814\" \/>\n\t<meta property=\"og:image:type\" content=\"image\/png\" \/>\n<meta name=\"twitter:card\" content=\"summary_large_image\" \/>\n<meta name=\"twitter:label1\" content=\"Dur\u00e9e de lecture estim\u00e9e\" \/>\n\t<meta name=\"twitter:data1\" content=\"2 minutes\" \/>\n<script type=\"application\/ld+json\" class=\"yoast-schema-graph\">{\"@context\":\"https:\\\/\\\/schema.org\",\"@graph\":[{\"@type\":\"WebPage\",\"@id\":\"https:\\\/\\\/margheritagabbiani.com\\\/index.php\\\/produit\\\/i-want-your-revenge-broche\\\/\",\"url\":\"https:\\\/\\\/margheritagabbiani.com\\\/index.php\\\/produit\\\/i-want-your-revenge-broche\\\/\",\"name\":\"I Want Your Revenge - Margherita Gabbiani\",\"isPartOf\":{\"@id\":\"https:\\\/\\\/margheritagabbiani.com\\\/#website\"},\"primaryImageOfPage\":{\"@id\":\"https:\\\/\\\/margheritagabbiani.com\\\/index.php\\\/produit\\\/i-want-your-revenge-broche\\\/#primaryimage\"},\"image\":{\"@id\":\"https:\\\/\\\/margheritagabbiani.com\\\/index.php\\\/produit\\\/i-want-your-revenge-broche\\\/#primaryimage\"},\"thumbnailUrl\":\"https:\\\/\\\/i0.wp.com\\\/margheritagabbiani.com\\\/wp-content\\\/uploads\\\/2025\\\/03\\\/IWYR-broche.png?fit=800%2C814&ssl=1\",\"datePublished\":\"2025-03-18T14:31:31+00:00\",\"dateModified\":\"2026-04-13T12:28:54+00:00\",\"description\":\"Immergez-vous au sein d'une haute \u00e9cole de commerce parisienne avec cette romance de campus br\u00fblante sur fond de vengeance !\",\"breadcrumb\":{\"@id\":\"https:\\\/\\\/margheritagabbiani.com\\\/index.php\\\/produit\\\/i-want-your-revenge-broche\\\/#breadcrumb\"},\"inLanguage\":\"fr-FR\",\"potentialAction\":[{\"@type\":\"ReadAction\",\"target\":[\"https:\\\/\\\/margheritagabbiani.com\\\/index.php\\\/produit\\\/i-want-your-revenge-broche\\\/\"]}]},{\"@type\":\"ImageObject\",\"inLanguage\":\"fr-FR\",\"@id\":\"https:\\\/\\\/margheritagabbiani.com\\\/index.php\\\/produit\\\/i-want-your-revenge-broche\\\/#primaryimage\",\"url\":\"https:\\\/\\\/i0.wp.com\\\/margheritagabbiani.com\\\/wp-content\\\/uploads\\\/2025\\\/03\\\/IWYR-broche.png?fit=800%2C814&ssl=1\",\"contentUrl\":\"https:\\\/\\\/i0.wp.com\\\/margheritagabbiani.com\\\/wp-content\\\/uploads\\\/2025\\\/03\\\/IWYR-broche.png?fit=800%2C814&ssl=1\",\"width\":800,\"height\":814},{\"@type\":\"BreadcrumbList\",\"@id\":\"https:\\\/\\\/margheritagabbiani.com\\\/index.php\\\/produit\\\/i-want-your-revenge-broche\\\/#breadcrumb\",\"itemListElement\":[{\"@type\":\"ListItem\",\"position\":1,\"name\":\"Accueil\",\"item\":\"https:\\\/\\\/margheritagabbiani.com\\\/\"},{\"@type\":\"ListItem\",\"position\":2,\"name\":\"Boutique\",\"item\":\"https:\\\/\\\/margheritagabbiani.com\\\/index.php\\\/boutique\\\/\"},{\"@type\":\"ListItem\",\"position\":3,\"name\":\"I Want Your Revenge &#8211; format Broch\u00e9 d\u00e9dicac\u00e9\"}]},{\"@type\":\"WebSite\",\"@id\":\"https:\\\/\\\/margheritagabbiani.com\\\/#website\",\"url\":\"https:\\\/\\\/margheritagabbiani.com\\\/\",\"name\":\"Margherita Gabbiani\",\"description\":\"Auteure de romance contemporaine\",\"publisher\":{\"@id\":\"https:\\\/\\\/margheritagabbiani.com\\\/#\\\/schema\\\/person\\\/b1408d77fac0a037cfd72afa44789b02\"},\"potentialAction\":[{\"@type\":\"SearchAction\",\"target\":{\"@type\":\"EntryPoint\",\"urlTemplate\":\"https:\\\/\\\/margheritagabbiani.com\\\/?s={search_term_string}\"},\"query-input\":{\"@type\":\"PropertyValueSpecification\",\"valueRequired\":true,\"valueName\":\"search_term_string\"}}],\"inLanguage\":\"fr-FR\"},{\"@type\":[\"Person\",\"Organization\"],\"@id\":\"https:\\\/\\\/margheritagabbiani.com\\\/#\\\/schema\\\/person\\\/b1408d77fac0a037cfd72afa44789b02\",\"name\":\"Margherita Gabbiani\",\"image\":{\"@type\":\"ImageObject\",\"inLanguage\":\"fr-FR\",\"@id\":\"https:\\\/\\\/i0.wp.com\\\/margheritagabbiani.com\\\/wp-content\\\/uploads\\\/2022\\\/05\\\/Margherita-Gabbiani-auteur-HD-1-scaled.jpg?fit=2482%2C2560\",\"url\":\"https:\\\/\\\/i0.wp.com\\\/margheritagabbiani.com\\\/wp-content\\\/uploads\\\/2022\\\/05\\\/Margherita-Gabbiani-auteur-HD-1-scaled.jpg?fit=2482%2C2560\",\"contentUrl\":\"https:\\\/\\\/i0.wp.com\\\/margheritagabbiani.com\\\/wp-content\\\/uploads\\\/2022\\\/05\\\/Margherita-Gabbiani-auteur-HD-1-scaled.jpg?fit=2482%2C2560\",\"width\":2482,\"height\":2560,\"caption\":\"Margherita Gabbiani\"},\"logo\":{\"@id\":\"https:\\\/\\\/i0.wp.com\\\/margheritagabbiani.com\\\/wp-content\\\/uploads\\\/2022\\\/05\\\/Margherita-Gabbiani-auteur-HD-1-scaled.jpg?fit=2482%2C2560\"},\"sameAs\":[\"http:\\\/\\\/margheritagabbiani.com\",\"https:\\\/\\\/www.instagram.com\\\/margherita.gabbiani\\\/\"]}]}<\/script>\n<!-- \/ Yoast SEO plugin. -->","yoast_head_json":{"title":"I Want Your Revenge - Margherita Gabbiani","description":"Immergez-vous au sein d'une haute \u00e9cole de commerce parisienne avec cette romance de campus br\u00fblante sur fond de vengeance !","robots":{"index":"index","follow":"follow","max-snippet":"max-snippet:-1","max-image-preview":"max-image-preview:large","max-video-preview":"max-video-preview:-1"},"canonical":"https:\/\/margheritagabbiani.com\/index.php\/produit\/i-want-your-revenge-broche\/","og_locale":"fr_FR","og_type":"article","og_title":"I Want Your Revenge - Margherita Gabbiani","og_description":"Immergez-vous au sein d'une haute \u00e9cole de commerce parisienne avec cette romance de campus br\u00fblante sur fond de vengeance !","og_url":"https:\/\/margheritagabbiani.com\/index.php\/produit\/i-want-your-revenge-broche\/","og_site_name":"Margherita Gabbiani","article_modified_time":"2026-04-13T12:28:54+00:00","og_image":[{"width":800,"height":814,"url":"https:\/\/margheritagabbiani.com\/wp-content\/uploads\/2025\/03\/IWYR-broche.png","type":"image\/png"}],"twitter_card":"summary_large_image","twitter_misc":{"Dur\u00e9e de lecture estim\u00e9e":"2 minutes"},"schema":{"@context":"https:\/\/schema.org","@graph":[{"@type":"WebPage","@id":"https:\/\/margheritagabbiani.com\/index.php\/produit\/i-want-your-revenge-broche\/","url":"https:\/\/margheritagabbiani.com\/index.php\/produit\/i-want-your-revenge-broche\/","name":"I Want Your Revenge - Margherita Gabbiani","isPartOf":{"@id":"https:\/\/margheritagabbiani.com\/#website"},"primaryImageOfPage":{"@id":"https:\/\/margheritagabbiani.com\/index.php\/produit\/i-want-your-revenge-broche\/#primaryimage"},"image":{"@id":"https:\/\/margheritagabbiani.com\/index.php\/produit\/i-want-your-revenge-broche\/#primaryimage"},"thumbnailUrl":"https:\/\/i0.wp.com\/margheritagabbiani.com\/wp-content\/uploads\/2025\/03\/IWYR-broche.png?fit=800%2C814&ssl=1","datePublished":"2025-03-18T14:31:31+00:00","dateModified":"2026-04-13T12:28:54+00:00","description":"Immergez-vous au sein d'une haute \u00e9cole de commerce parisienne avec cette romance de campus br\u00fblante sur fond de vengeance !","breadcrumb":{"@id":"https:\/\/margheritagabbiani.com\/index.php\/produit\/i-want-your-revenge-broche\/#breadcrumb"},"inLanguage":"fr-FR","potentialAction":[{"@type":"ReadAction","target":["https:\/\/margheritagabbiani.com\/index.php\/produit\/i-want-your-revenge-broche\/"]}]},{"@type":"ImageObject","inLanguage":"fr-FR","@id":"https:\/\/margheritagabbiani.com\/index.php\/produit\/i-want-your-revenge-broche\/#primaryimage","url":"https:\/\/i0.wp.com\/margheritagabbiani.com\/wp-content\/uploads\/2025\/03\/IWYR-broche.png?fit=800%2C814&ssl=1","contentUrl":"https:\/\/i0.wp.com\/margheritagabbiani.com\/wp-content\/uploads\/2025\/03\/IWYR-broche.png?fit=800%2C814&ssl=1","width":800,"height":814},{"@type":"BreadcrumbList","@id":"https:\/\/margheritagabbiani.com\/index.php\/produit\/i-want-your-revenge-broche\/#breadcrumb","itemListElement":[{"@type":"ListItem","position":1,"name":"Accueil","item":"https:\/\/margheritagabbiani.com\/"},{"@type":"ListItem","position":2,"name":"Boutique","item":"https:\/\/margheritagabbiani.com\/index.php\/boutique\/"},{"@type":"ListItem","position":3,"name":"I Want Your Revenge &#8211; format Broch\u00e9 d\u00e9dicac\u00e9"}]},{"@type":"WebSite","@id":"https:\/\/margheritagabbiani.com\/#website","url":"https:\/\/margheritagabbiani.com\/","name":"Margherita Gabbiani","description":"Auteure de romance contemporaine","publisher":{"@id":"https:\/\/margheritagabbiani.com\/#\/schema\/person\/b1408d77fac0a037cfd72afa44789b02"},"potentialAction":[{"@type":"SearchAction","target":{"@type":"EntryPoint","urlTemplate":"https:\/\/margheritagabbiani.com\/?s={search_term_string}"},"query-input":{"@type":"PropertyValueSpecification","valueRequired":true,"valueName":"search_term_string"}}],"inLanguage":"fr-FR"},{"@type":["Person","Organization"],"@id":"https:\/\/margheritagabbiani.com\/#\/schema\/person\/b1408d77fac0a037cfd72afa44789b02","name":"Margherita Gabbiani","image":{"@type":"ImageObject","inLanguage":"fr-FR","@id":"https:\/\/i0.wp.com\/margheritagabbiani.com\/wp-content\/uploads\/2022\/05\/Margherita-Gabbiani-auteur-HD-1-scaled.jpg?fit=2482%2C2560","url":"https:\/\/i0.wp.com\/margheritagabbiani.com\/wp-content\/uploads\/2022\/05\/Margherita-Gabbiani-auteur-HD-1-scaled.jpg?fit=2482%2C2560","contentUrl":"https:\/\/i0.wp.com\/margheritagabbiani.com\/wp-content\/uploads\/2022\/05\/Margherita-Gabbiani-auteur-HD-1-scaled.jpg?fit=2482%2C2560","width":2482,"height":2560,"caption":"Margherita Gabbiani"},"logo":{"@id":"https:\/\/i0.wp.com\/margheritagabbiani.com\/wp-content\/uploads\/2022\/05\/Margherita-Gabbiani-auteur-HD-1-scaled.jpg?fit=2482%2C2560"},"sameAs":["http:\/\/margheritagabbiani.com","https:\/\/www.instagram.com\/margherita.gabbiani\/"]}]}},"jetpack_sharing_enabled":true,"_links":{"self":[{"href":"https:\/\/margheritagabbiani.com\/index.php\/wp-json\/wp\/v2\/product\/3087","targetHints":{"allow":["GET"]}}],"collection":[{"href":"https:\/\/margheritagabbiani.com\/index.php\/wp-json\/wp\/v2\/product"}],"about":[{"href":"https:\/\/margheritagabbiani.com\/index.php\/wp-json\/wp\/v2\/types\/product"}],"replies":[{"embeddable":true,"href":"https:\/\/margheritagabbiani.com\/index.php\/wp-json\/wp\/v2\/comments?post=3087"}],"wp:featuredmedia":[{"embeddable":true,"href":"https:\/\/margheritagabbiani.com\/index.php\/wp-json\/wp\/v2\/media\/3088"}],"wp:attachment":[{"href":"https:\/\/margheritagabbiani.com\/index.php\/wp-json\/wp\/v2\/media?parent=3087"}],"wp:term":[{"taxonomy":"product_brand","embeddable":true,"href":"https:\/\/margheritagabbiani.com\/index.php\/wp-json\/wp\/v2\/product_brand?post=3087"},{"taxonomy":"product_cat","embeddable":true,"href":"https:\/\/margheritagabbiani.com\/index.php\/wp-json\/wp\/v2\/product_cat?post=3087"},{"taxonomy":"product_tag","embeddable":true,"href":"https:\/\/margheritagabbiani.com\/index.php\/wp-json\/wp\/v2\/product_tag?post=3087"}],"curies":[{"name":"wp","href":"https:\/\/api.w.org\/{rel}","templated":true}]}}