{"id":8327,"date":"2026-04-13T14:38:06","date_gmt":"2026-04-13T12:38:06","guid":{"rendered":"https:\/\/margheritagabbiani.com\/?post_type=product&#038;p=8327"},"modified":"2026-04-29T11:33:52","modified_gmt":"2026-04-29T09:33:52","slug":"sympathy-for-the-devil-tome-2","status":"publish","type":"product","link":"https:\/\/margheritagabbiani.com\/index.php\/produit\/sympathy-for-the-devil-tome-2\/","title":{"rendered":"Sympathy for the Devil Tome 2 &#8211; format Broch\u00e9 d\u00e9dicac\u00e9"},"content":{"rendered":"<p><em>Attention ! Ce livre est une Dark Romance destin\u00e9e \u00e0 un public majeur et averti.<\/em><\/p>\n<p>Il s&rsquo;agit du tome 2 d&rsquo;une duologie suivant l&rsquo;histoire du m\u00eame couple.<br \/>\nSi vous ne l&rsquo;avez pas encore fait, je vous invite \u00e0 lire le tome 1 avant ! Les 2 tomes ne sont PAS ind\u00e9pendants.<\/p>\n<p>***<\/p>\n<p><strong><span class=\"a-text-bold\">Ils ont surv\u00e9cu \u00e0 la nuit\u2026 mais \u00e0 quel prix ?<\/span><\/strong><\/p>\n<p>Apr\u00e8s avoir \u00e9chapp\u00e9 au pire, Ilan et Antonia sont de retour \u00e0 Paris, plus meurtris que jamais. Le secret d\u2019Arbor a \u00e9t\u00e9 d\u00e9voil\u00e9, la secte d\u00e9mantel\u00e9e, mais tourner la page est impossible.<\/p>\n<p>Antonia est hant\u00e9e par des souvenirs flous et oppressants de ce qu\u2019elle a subi. Tandis qu\u2019elle cherche des r\u00e9ponses, Ilan l\u2019\u00e9vite, tiraill\u00e9 entre la culpabilit\u00e9 de l\u2019avoir mise en danger et ses mensonges destructeurs.<\/p>\n<p>Mais lorsque la menace ressurgit, plus sombre, plus insidieuse que jamais, Ilan n\u2019a plus le choix : il a besoin d\u2019Antonia. Elle est la seule \u00e0 savoir. La seule \u00e0 pouvoir l\u2019aider.<\/p>\n<p>Ce qu\u2019ils ignorent, c\u2019est que tout n\u2019a pas encore \u00e9t\u00e9 r\u00e9v\u00e9l\u00e9. Derri\u00e8re les ruines d\u2019Arbor, d\u2019autres secrets sommeillent, plus anciens, plus cruels. Et cette fois-ci, les masques vont tomber.<\/p>\n<p><strong><span class=\"a-text-bold\">Alors que tout s\u2019effondre, pourront-ils compter l\u2019un sur l\u2019autre pour se relever ?<\/span><\/strong><\/p>\n<p>&#8212;<\/p>\n<p>\u00ab\u00a0Sympathy for the Devil &#8211; Tome 2\u00a0\u00bb paru en avril 2026 chez Hugo Romance.<br \/>\n\u00c9dition broch\u00e9e, 429 pages.<\/p>\n<p>Vous pr\u00e9f\u00e9rez la version num\u00e9rique ?<br \/>\n<a href=\"https:\/\/www.amazon.fr\/Sympathy-devil-02-Margherita-Gabbiani-ebook\/dp\/B0GD147BKB\/ref=books_amazonstores_desktop_mfs_aufs_ap_sc_dsk_0?_encoding=UTF8&amp;pd_rd_w=rrFs0&amp;content-id=amzn1.sym.7741bfb3-2035-4225-8f91-65e1edbde262&amp;pf_rd_p=7741bfb3-2035-4225-8f91-65e1edbde262&amp;pf_rd_r=260-0331214-6632601&amp;pd_rd_wg=FTu5B&amp;pd_rd_r=44cf358c-b1e7-4235-8896-16eaaaa8e623\">&gt; Commander l&rsquo;ebook &lt;<\/a><\/p>\n<p><strong>Si vous souhaitez une d\u00e9dicace, merci de pr\u00e9ciser votre pr\u00e9nom dans la case \u00ab\u00a0Commentaires\u00a0\u00bb lors de votre commande \ud83d\ude42<\/strong><\/p>\n","protected":false},"excerpt":{"rendered":"<p>Tome 2 d&rsquo;une duologie de dark romance pour public majeur et averti. Tropes : dark romance, secte, rivals to lovers, girl boss, personnages \u00ab\u00a0morally grey\u00a0\u00bb, secrets et traumas d&rsquo;enfance. Paru chez Hugo Romance en avril 2026.<\/p>\n<p>Duologie termin\u00e9e !<\/p>\n<p><strong>Si vous souhaitez une d\u00e9dicace, merci de pr\u00e9ciser votre pr\u00e9nom dans la case \u00ab\u00a0Commentaires\u00a0\u00bb lors de votre commande \ud83d\ude42<\/strong><\/p>\n","protected":false},"featured_media":8329,"comment_status":"open","ping_status":"closed","template":"","meta":[],"product_brand":[],"product_cat":[65],"product_tag":[71,66,68,69,67,70],"class_list":{"0":"post-8327","1":"product","2":"type-product","3":"status-publish","4":"has-post-thumbnail","6":"product_cat-dark-romance","7":"product_tag-childhood-traumas","8":"product_tag-dark-romance","9":"product_tag-girl-boss","10":"product_tag-morally-grey","11":"product_tag-rivals-to-lovers","12":"product_tag-secrets","13":"latest_post","15":"first","16":"outofstock","17":"sold-individually","18":"taxable","19":"shipping-taxable","20":"purchasable","21":"product-type-simple"},"yoast_head":"<!-- This site is optimized with the Yoast SEO plugin v27.3 - https:\/\/yoast.com\/product\/yoast-seo-wordpress\/ -->\n<title>Sympathy for the Devil Tome 2 - Margherita Gabbiani<\/title>\n<meta name=\"description\" content=\"Ils ont surv\u00e9cu \u00e0 la nuit... mais \u00e0 quel prix ? D\u00e9couvrez la suite et fin des aventures d&#039;Ilan et Antonia. Cette fois, la traque continue \u00e0 Paris.\" \/>\n<meta name=\"robots\" content=\"index, follow, max-snippet:-1, max-image-preview:large, max-video-preview:-1\" \/>\n<link rel=\"canonical\" href=\"https:\/\/margheritagabbiani.com\/index.php\/produit\/sympathy-for-the-devil-tome-2\/\" \/>\n<meta property=\"og:locale\" content=\"fr_FR\" \/>\n<meta property=\"og:type\" content=\"article\" \/>\n<meta property=\"og:title\" content=\"Sympathy for the Devil Tome 2 - Margherita Gabbiani\" \/>\n<meta property=\"og:description\" content=\"Ils ont surv\u00e9cu \u00e0 la nuit... mais \u00e0 quel prix ? D\u00e9couvrez la suite et fin des aventures d&#039;Ilan et Antonia. Cette fois, la traque continue \u00e0 Paris.\" \/>\n<meta property=\"og:url\" content=\"https:\/\/margheritagabbiani.com\/index.php\/produit\/sympathy-for-the-devil-tome-2\/\" \/>\n<meta property=\"og:site_name\" content=\"Margherita Gabbiani\" \/>\n<meta property=\"article:modified_time\" content=\"2026-04-29T09:33:52+00:00\" \/>\n<meta property=\"og:image\" content=\"https:\/\/margheritagabbiani.com\/wp-content\/uploads\/2026\/04\/Capture-decran-2026-04-13-a-14.42.22-1.png\" \/>\n\t<meta property=\"og:image:width\" content=\"882\" \/>\n\t<meta property=\"og:image:height\" content=\"890\" \/>\n\t<meta property=\"og:image:type\" content=\"image\/png\" \/>\n<meta name=\"twitter:card\" content=\"summary_large_image\" \/>\n<meta name=\"twitter:label1\" content=\"Dur\u00e9e de lecture estim\u00e9e\" \/>\n\t<meta name=\"twitter:data1\" content=\"2 minutes\" \/>\n<script type=\"application\/ld+json\" class=\"yoast-schema-graph\">{\"@context\":\"https:\\\/\\\/schema.org\",\"@graph\":[{\"@type\":\"WebPage\",\"@id\":\"https:\\\/\\\/margheritagabbiani.com\\\/index.php\\\/produit\\\/sympathy-for-the-devil-tome-2\\\/\",\"url\":\"https:\\\/\\\/margheritagabbiani.com\\\/index.php\\\/produit\\\/sympathy-for-the-devil-tome-2\\\/\",\"name\":\"Sympathy for the Devil Tome 2 - Margherita Gabbiani\",\"isPartOf\":{\"@id\":\"https:\\\/\\\/margheritagabbiani.com\\\/#website\"},\"primaryImageOfPage\":{\"@id\":\"https:\\\/\\\/margheritagabbiani.com\\\/index.php\\\/produit\\\/sympathy-for-the-devil-tome-2\\\/#primaryimage\"},\"image\":{\"@id\":\"https:\\\/\\\/margheritagabbiani.com\\\/index.php\\\/produit\\\/sympathy-for-the-devil-tome-2\\\/#primaryimage\"},\"thumbnailUrl\":\"https:\\\/\\\/i0.wp.com\\\/margheritagabbiani.com\\\/wp-content\\\/uploads\\\/2026\\\/04\\\/Capture-decran-2026-04-13-a-14.42.22-1.png?fit=882%2C890&ssl=1\",\"datePublished\":\"2026-04-13T12:38:06+00:00\",\"dateModified\":\"2026-04-29T09:33:52+00:00\",\"description\":\"Ils ont surv\u00e9cu \u00e0 la nuit... mais \u00e0 quel prix ? D\u00e9couvrez la suite et fin des aventures d'Ilan et Antonia. Cette fois, la traque continue \u00e0 Paris.\",\"breadcrumb\":{\"@id\":\"https:\\\/\\\/margheritagabbiani.com\\\/index.php\\\/produit\\\/sympathy-for-the-devil-tome-2\\\/#breadcrumb\"},\"inLanguage\":\"fr-FR\",\"potentialAction\":[{\"@type\":\"ReadAction\",\"target\":[\"https:\\\/\\\/margheritagabbiani.com\\\/index.php\\\/produit\\\/sympathy-for-the-devil-tome-2\\\/\"]}]},{\"@type\":\"ImageObject\",\"inLanguage\":\"fr-FR\",\"@id\":\"https:\\\/\\\/margheritagabbiani.com\\\/index.php\\\/produit\\\/sympathy-for-the-devil-tome-2\\\/#primaryimage\",\"url\":\"https:\\\/\\\/i0.wp.com\\\/margheritagabbiani.com\\\/wp-content\\\/uploads\\\/2026\\\/04\\\/Capture-decran-2026-04-13-a-14.42.22-1.png?fit=882%2C890&ssl=1\",\"contentUrl\":\"https:\\\/\\\/i0.wp.com\\\/margheritagabbiani.com\\\/wp-content\\\/uploads\\\/2026\\\/04\\\/Capture-decran-2026-04-13-a-14.42.22-1.png?fit=882%2C890&ssl=1\",\"width\":882,\"height\":890},{\"@type\":\"BreadcrumbList\",\"@id\":\"https:\\\/\\\/margheritagabbiani.com\\\/index.php\\\/produit\\\/sympathy-for-the-devil-tome-2\\\/#breadcrumb\",\"itemListElement\":[{\"@type\":\"ListItem\",\"position\":1,\"name\":\"Accueil\",\"item\":\"https:\\\/\\\/margheritagabbiani.com\\\/\"},{\"@type\":\"ListItem\",\"position\":2,\"name\":\"Boutique\",\"item\":\"https:\\\/\\\/margheritagabbiani.com\\\/index.php\\\/boutique\\\/\"},{\"@type\":\"ListItem\",\"position\":3,\"name\":\"Sympathy for the Devil Tome 2 &#8211; format Broch\u00e9 d\u00e9dicac\u00e9\"}]},{\"@type\":\"WebSite\",\"@id\":\"https:\\\/\\\/margheritagabbiani.com\\\/#website\",\"url\":\"https:\\\/\\\/margheritagabbiani.com\\\/\",\"name\":\"Margherita Gabbiani\",\"description\":\"Auteure de romance contemporaine\",\"publisher\":{\"@id\":\"https:\\\/\\\/margheritagabbiani.com\\\/#\\\/schema\\\/person\\\/b1408d77fac0a037cfd72afa44789b02\"},\"potentialAction\":[{\"@type\":\"SearchAction\",\"target\":{\"@type\":\"EntryPoint\",\"urlTemplate\":\"https:\\\/\\\/margheritagabbiani.com\\\/?s={search_term_string}\"},\"query-input\":{\"@type\":\"PropertyValueSpecification\",\"valueRequired\":true,\"valueName\":\"search_term_string\"}}],\"inLanguage\":\"fr-FR\"},{\"@type\":[\"Person\",\"Organization\"],\"@id\":\"https:\\\/\\\/margheritagabbiani.com\\\/#\\\/schema\\\/person\\\/b1408d77fac0a037cfd72afa44789b02\",\"name\":\"Margherita Gabbiani\",\"image\":{\"@type\":\"ImageObject\",\"inLanguage\":\"fr-FR\",\"@id\":\"https:\\\/\\\/i0.wp.com\\\/margheritagabbiani.com\\\/wp-content\\\/uploads\\\/2022\\\/05\\\/Margherita-Gabbiani-auteur-HD-1-scaled.jpg?fit=2482%2C2560\",\"url\":\"https:\\\/\\\/i0.wp.com\\\/margheritagabbiani.com\\\/wp-content\\\/uploads\\\/2022\\\/05\\\/Margherita-Gabbiani-auteur-HD-1-scaled.jpg?fit=2482%2C2560\",\"contentUrl\":\"https:\\\/\\\/i0.wp.com\\\/margheritagabbiani.com\\\/wp-content\\\/uploads\\\/2022\\\/05\\\/Margherita-Gabbiani-auteur-HD-1-scaled.jpg?fit=2482%2C2560\",\"width\":2482,\"height\":2560,\"caption\":\"Margherita Gabbiani\"},\"logo\":{\"@id\":\"https:\\\/\\\/i0.wp.com\\\/margheritagabbiani.com\\\/wp-content\\\/uploads\\\/2022\\\/05\\\/Margherita-Gabbiani-auteur-HD-1-scaled.jpg?fit=2482%2C2560\"},\"sameAs\":[\"http:\\\/\\\/margheritagabbiani.com\",\"https:\\\/\\\/www.instagram.com\\\/margherita.gabbiani\\\/\"]}]}<\/script>\n<!-- \/ Yoast SEO plugin. -->","yoast_head_json":{"title":"Sympathy for the Devil Tome 2 - Margherita Gabbiani","description":"Ils ont surv\u00e9cu \u00e0 la nuit... mais \u00e0 quel prix ? D\u00e9couvrez la suite et fin des aventures d'Ilan et Antonia. Cette fois, la traque continue \u00e0 Paris.","robots":{"index":"index","follow":"follow","max-snippet":"max-snippet:-1","max-image-preview":"max-image-preview:large","max-video-preview":"max-video-preview:-1"},"canonical":"https:\/\/margheritagabbiani.com\/index.php\/produit\/sympathy-for-the-devil-tome-2\/","og_locale":"fr_FR","og_type":"article","og_title":"Sympathy for the Devil Tome 2 - Margherita Gabbiani","og_description":"Ils ont surv\u00e9cu \u00e0 la nuit... mais \u00e0 quel prix ? D\u00e9couvrez la suite et fin des aventures d'Ilan et Antonia. Cette fois, la traque continue \u00e0 Paris.","og_url":"https:\/\/margheritagabbiani.com\/index.php\/produit\/sympathy-for-the-devil-tome-2\/","og_site_name":"Margherita Gabbiani","article_modified_time":"2026-04-29T09:33:52+00:00","og_image":[{"width":882,"height":890,"url":"https:\/\/margheritagabbiani.com\/wp-content\/uploads\/2026\/04\/Capture-decran-2026-04-13-a-14.42.22-1.png","type":"image\/png"}],"twitter_card":"summary_large_image","twitter_misc":{"Dur\u00e9e de lecture estim\u00e9e":"2 minutes"},"schema":{"@context":"https:\/\/schema.org","@graph":[{"@type":"WebPage","@id":"https:\/\/margheritagabbiani.com\/index.php\/produit\/sympathy-for-the-devil-tome-2\/","url":"https:\/\/margheritagabbiani.com\/index.php\/produit\/sympathy-for-the-devil-tome-2\/","name":"Sympathy for the Devil Tome 2 - Margherita Gabbiani","isPartOf":{"@id":"https:\/\/margheritagabbiani.com\/#website"},"primaryImageOfPage":{"@id":"https:\/\/margheritagabbiani.com\/index.php\/produit\/sympathy-for-the-devil-tome-2\/#primaryimage"},"image":{"@id":"https:\/\/margheritagabbiani.com\/index.php\/produit\/sympathy-for-the-devil-tome-2\/#primaryimage"},"thumbnailUrl":"https:\/\/i0.wp.com\/margheritagabbiani.com\/wp-content\/uploads\/2026\/04\/Capture-decran-2026-04-13-a-14.42.22-1.png?fit=882%2C890&ssl=1","datePublished":"2026-04-13T12:38:06+00:00","dateModified":"2026-04-29T09:33:52+00:00","description":"Ils ont surv\u00e9cu \u00e0 la nuit... mais \u00e0 quel prix ? D\u00e9couvrez la suite et fin des aventures d'Ilan et Antonia. Cette fois, la traque continue \u00e0 Paris.","breadcrumb":{"@id":"https:\/\/margheritagabbiani.com\/index.php\/produit\/sympathy-for-the-devil-tome-2\/#breadcrumb"},"inLanguage":"fr-FR","potentialAction":[{"@type":"ReadAction","target":["https:\/\/margheritagabbiani.com\/index.php\/produit\/sympathy-for-the-devil-tome-2\/"]}]},{"@type":"ImageObject","inLanguage":"fr-FR","@id":"https:\/\/margheritagabbiani.com\/index.php\/produit\/sympathy-for-the-devil-tome-2\/#primaryimage","url":"https:\/\/i0.wp.com\/margheritagabbiani.com\/wp-content\/uploads\/2026\/04\/Capture-decran-2026-04-13-a-14.42.22-1.png?fit=882%2C890&ssl=1","contentUrl":"https:\/\/i0.wp.com\/margheritagabbiani.com\/wp-content\/uploads\/2026\/04\/Capture-decran-2026-04-13-a-14.42.22-1.png?fit=882%2C890&ssl=1","width":882,"height":890},{"@type":"BreadcrumbList","@id":"https:\/\/margheritagabbiani.com\/index.php\/produit\/sympathy-for-the-devil-tome-2\/#breadcrumb","itemListElement":[{"@type":"ListItem","position":1,"name":"Accueil","item":"https:\/\/margheritagabbiani.com\/"},{"@type":"ListItem","position":2,"name":"Boutique","item":"https:\/\/margheritagabbiani.com\/index.php\/boutique\/"},{"@type":"ListItem","position":3,"name":"Sympathy for the Devil Tome 2 &#8211; format Broch\u00e9 d\u00e9dicac\u00e9"}]},{"@type":"WebSite","@id":"https:\/\/margheritagabbiani.com\/#website","url":"https:\/\/margheritagabbiani.com\/","name":"Margherita Gabbiani","description":"Auteure de romance contemporaine","publisher":{"@id":"https:\/\/margheritagabbiani.com\/#\/schema\/person\/b1408d77fac0a037cfd72afa44789b02"},"potentialAction":[{"@type":"SearchAction","target":{"@type":"EntryPoint","urlTemplate":"https:\/\/margheritagabbiani.com\/?s={search_term_string}"},"query-input":{"@type":"PropertyValueSpecification","valueRequired":true,"valueName":"search_term_string"}}],"inLanguage":"fr-FR"},{"@type":["Person","Organization"],"@id":"https:\/\/margheritagabbiani.com\/#\/schema\/person\/b1408d77fac0a037cfd72afa44789b02","name":"Margherita Gabbiani","image":{"@type":"ImageObject","inLanguage":"fr-FR","@id":"https:\/\/i0.wp.com\/margheritagabbiani.com\/wp-content\/uploads\/2022\/05\/Margherita-Gabbiani-auteur-HD-1-scaled.jpg?fit=2482%2C2560","url":"https:\/\/i0.wp.com\/margheritagabbiani.com\/wp-content\/uploads\/2022\/05\/Margherita-Gabbiani-auteur-HD-1-scaled.jpg?fit=2482%2C2560","contentUrl":"https:\/\/i0.wp.com\/margheritagabbiani.com\/wp-content\/uploads\/2022\/05\/Margherita-Gabbiani-auteur-HD-1-scaled.jpg?fit=2482%2C2560","width":2482,"height":2560,"caption":"Margherita Gabbiani"},"logo":{"@id":"https:\/\/i0.wp.com\/margheritagabbiani.com\/wp-content\/uploads\/2022\/05\/Margherita-Gabbiani-auteur-HD-1-scaled.jpg?fit=2482%2C2560"},"sameAs":["http:\/\/margheritagabbiani.com","https:\/\/www.instagram.com\/margherita.gabbiani\/"]}]}},"jetpack_sharing_enabled":true,"_links":{"self":[{"href":"https:\/\/margheritagabbiani.com\/index.php\/wp-json\/wp\/v2\/product\/8327","targetHints":{"allow":["GET"]}}],"collection":[{"href":"https:\/\/margheritagabbiani.com\/index.php\/wp-json\/wp\/v2\/product"}],"about":[{"href":"https:\/\/margheritagabbiani.com\/index.php\/wp-json\/wp\/v2\/types\/product"}],"replies":[{"embeddable":true,"href":"https:\/\/margheritagabbiani.com\/index.php\/wp-json\/wp\/v2\/comments?post=8327"}],"wp:featuredmedia":[{"embeddable":true,"href":"https:\/\/margheritagabbiani.com\/index.php\/wp-json\/wp\/v2\/media\/8329"}],"wp:attachment":[{"href":"https:\/\/margheritagabbiani.com\/index.php\/wp-json\/wp\/v2\/media?parent=8327"}],"wp:term":[{"taxonomy":"product_brand","embeddable":true,"href":"https:\/\/margheritagabbiani.com\/index.php\/wp-json\/wp\/v2\/product_brand?post=8327"},{"taxonomy":"product_cat","embeddable":true,"href":"https:\/\/margheritagabbiani.com\/index.php\/wp-json\/wp\/v2\/product_cat?post=8327"},{"taxonomy":"product_tag","embeddable":true,"href":"https:\/\/margheritagabbiani.com\/index.php\/wp-json\/wp\/v2\/product_tag?post=8327"}],"curies":[{"name":"wp","href":"https:\/\/api.w.org\/{rel}","templated":true}]}}